{"id":1331,"date":"2016-07-14T02:28:51","date_gmt":"2016-07-14T02:28:51","guid":{"rendered":"https:\/\/www.fspharmaexpertise.com\/contacto\/"},"modified":"2017-11-28T17:29:58","modified_gmt":"2017-11-28T17:29:58","slug":"contact","status":"publish","type":"page","link":"https:\/\/www.fspharmaexpertise.com\/fr\/contact\/","title":{"rendered":"CONTACT"},"content":{"rendered":"<div class=\"fusion-fullwidth fullwidth-box fusion-builder-row-1 nonhundred-percent-fullwidth non-hundred-percent-height-scrolling\" style=\"background-color: rgba(255,255,255,0);background-position: left top;background-repeat: no-repeat;padding-top:50px;padding-right:0px;padding-bottom:150px;padding-left:0px;margin-bottom: 0px;margin-top: 0px;border-width: 0px 0px 0px 0px;border-color:#eae9e9;border-style:solid;\" id=\"contact\" ><div class=\"fusion-builder-row fusion-row\"><div class=\"fusion-layout-column fusion_builder_column fusion-builder-column-0 fusion_builder_column_1_1 1_1 fusion-one-full fusion-column-first fusion-column-last\" style=\"margin-top:0px;margin-bottom:0px;\"><div class=\"fusion-column-wrapper fusion-flex-column-wrapper-legacy\" style=\"background-position:left top;background-repeat:no-repeat;-webkit-background-size:cover;-moz-background-size:cover;-o-background-size:cover;background-size:cover;padding: 0px 0px 0px 0px;\"><div class=\"fusion-text fusion-text-1\"><p style=\"text-align: center;\">TELEPHONE:<\/p>\n<pre style=\"text-align: center;\" data-lineheight=\"70\" data-fontsize=\"22\" data-inline-lineheight=\"true\" data-inline-fontsize=\"true\"><strong>+34 689 721 868<\/strong><\/pre>\n<p style=\"text-align: center;\">COURRIER \u00c9LECTRONIQUE:<\/p>\n<p><center><strong>contact@fspharmaexpertise.com<\/strong>\u00a0<\/center><\/p>\n<p style=\"text-align: center;\">EMPLACEMENT:<\/p>\n<p><center><strong>Madrid (ESPAGNE)<\/strong>\u00a0<\/center><\/p>\n<\/div><div class=\"fusion-sep-clear\"><\/div><div class=\"fusion-separator fusion-full-width-sep\" style=\"margin-left: auto;margin-right: auto;margin-top:40px;width:100%;\"><\/div><div class=\"fusion-sep-clear\"><\/div><div class=\"fusion-clearfix\"><\/div><\/div><\/div><div class=\"fusion-layout-column fusion_builder_column fusion-builder-column-1 fusion_builder_column_1_4 1_4 fusion-one-fourth fusion-column-first\" style=\"width:22%; margin-right: 4%;margin-top:0px;margin-bottom:0px;\"><div class=\"fusion-column-wrapper fusion-flex-column-wrapper-legacy\" style=\"background-position:left top;background-repeat:no-repeat;-webkit-background-size:cover;-moz-background-size:cover;-o-background-size:cover;background-size:cover;padding: 0px 0px 0px 0px;\"><div class=\"fusion-sep-clear\"><\/div><div class=\"fusion-separator fusion-full-width-sep\" style=\"margin-left: auto;margin-right: auto;margin-top:1px;width:100%;\"><\/div><div class=\"fusion-sep-clear\"><\/div><div class=\"fusion-clearfix\"><\/div><\/div><\/div><div class=\"fusion-layout-column fusion_builder_column fusion-builder-column-2 fusion_builder_column_1_2 1_2 fusion-one-half\" style=\"width:48%; margin-right: 4%;margin-top:0px;margin-bottom:0px;\"><div class=\"fusion-column-wrapper fusion-flex-column-wrapper-legacy\" style=\"background-position:left top;background-repeat:no-repeat;-webkit-background-size:cover;-moz-background-size:cover;-o-background-size:cover;background-size:cover;padding: 0px 0px 0px 0px;\"><div class=\"fusion-text fusion-text-2\"><div role=\"form\" class=\"wpcf7\" id=\"wpcf7-f1382-o1\" lang=\"en-US\" dir=\"ltr\">\n<div class=\"screen-reader-response\"><p role=\"status\" aria-live=\"polite\" aria-atomic=\"true\"><\/p> <ul><\/ul><\/div>\n<form action=\"\/fr\/wp-json\/wp\/v2\/pages\/1331#wpcf7-f1382-o1\" method=\"post\" class=\"wpcf7-form init wpcf7-acceptance-as-validation\" novalidate=\"novalidate\" data-status=\"init\">\n<div style=\"display: none;\">\n<input type=\"hidden\" name=\"_wpcf7\" value=\"1382\" \/>\n<input type=\"hidden\" name=\"_wpcf7_version\" value=\"5.6.4\" \/>\n<input type=\"hidden\" name=\"_wpcf7_locale\" value=\"en_US\" \/>\n<input type=\"hidden\" name=\"_wpcf7_unit_tag\" value=\"wpcf7-f1382-o1\" \/>\n<input type=\"hidden\" name=\"_wpcf7_container_post\" value=\"0\" \/>\n<input type=\"hidden\" name=\"_wpcf7_posted_data_hash\" value=\"\" \/>\n<input type=\"hidden\" name=\"_wpcf7_recaptcha_response\" value=\"\" \/>\n<\/div>\n<p><span class=\"wpcf7-form-control-wrap\" data-name=\"your-name\"><input type=\"text\" name=\"your-name\" value=\"\" size=\"40\" class=\"wpcf7-form-control wpcf7-text wpcf7-validates-as-required\" aria-required=\"true\" aria-invalid=\"false\" placeholder=\"NOM\" \/><\/span> <\/p>\n<p><span class=\"wpcf7-form-control-wrap\" data-name=\"text-996\"><input type=\"text\" name=\"text-996\" value=\"\" size=\"40\" class=\"wpcf7-form-control wpcf7-text wpcf7-validates-as-required\" aria-required=\"true\" aria-invalid=\"false\" placeholder=\"ENTREPRISE\" \/><\/span> <\/p>\n<p><span class=\"wpcf7-form-control-wrap\" data-name=\"text-461\"><input type=\"text\" name=\"text-461\" value=\"\" size=\"40\" class=\"wpcf7-form-control wpcf7-text\" aria-invalid=\"false\" placeholder=\"POSITION DANS L&#039;ENTREPRISE\" \/><\/span> <\/p>\n<p><span class=\"wpcf7-form-control-wrap\" data-name=\"your-email\"><input type=\"email\" name=\"your-email\" value=\"\" size=\"40\" class=\"wpcf7-form-control wpcf7-text wpcf7-email wpcf7-validates-as-required wpcf7-validates-as-email\" aria-required=\"true\" aria-invalid=\"false\" placeholder=\"ADRESSE DE COURRIER \u00c9LECTRONIQUE\" \/><\/span> <\/p>\n<p><span class=\"wpcf7-form-control-wrap\" data-name=\"tel-145\"><input type=\"tel\" name=\"tel-145\" value=\"\" size=\"40\" class=\"wpcf7-form-control wpcf7-text wpcf7-tel wpcf7-validates-as-tel\" aria-invalid=\"false\" placeholder=\"NUM\u00c9RO DE T\u00c9L\u00c9PHONE\" \/><\/span><\/p>\n<p><span class=\"wpcf7-form-control-wrap\" data-name=\"your-message\"><textarea name=\"your-message\" cols=\"40\" rows=\"10\" class=\"wpcf7-form-control wpcf7-textarea\" aria-invalid=\"false\" placeholder=\"MESSAGE\"><\/textarea><\/span> <\/p>\n<p><span class=\"wpcf7-form-control-wrap\" data-name=\"terminos\"><span class=\"wpcf7-form-control wpcf7-acceptance\"><span class=\"wpcf7-list-item\"><input type=\"checkbox\" name=\"terminos\" value=\"1\" aria-invalid=\"false\" class=\"accept\" id=\"accept\" \/><\/span><\/span><\/span> J'ai lu et accept\u00e9 le <a href=\"https:\/\/www.tecnoweb360.com\/condiciones-y-politica-de-privacidad\/\" target=\"_blank\">Politique de confidentialit\u00e9<\/a> y <a href=\"\/aviso-legal\/\" target=\"_blank\">Avis juridique<\/a>.*<br><\/p>\n<p><center>\n<span class=\"wpcf7-form-control-wrap recaptcha\" data-name=\"recaptcha\"><span data-sitekey=\"6LclZ8cUAAAAAEl3uk2XoyBp00qlX9Y3kYGWO7Dj\" class=\"wpcf7-form-control g-recaptcha wpcf7-recaptcha\"><\/span>\r\n<noscript>\r\n\t<div class=\"grecaptcha-noscript\">\r\n\t\t<iframe src=\"https:\/\/www.google.com\/recaptcha\/api\/fallback?k=6LclZ8cUAAAAAEl3uk2XoyBp00qlX9Y3kYGWO7Dj\" frameborder=\"0\" scrolling=\"no\" width=\"310\" height=\"430\">\r\n\t\t<\/iframe>\r\n\t\t<textarea name=\"g-recaptcha-response\" rows=\"3\" cols=\"40\" placeholder=\"reCaptcha Response Here\">\r\n\t\t<\/textarea>\r\n\t<\/div>\r\n<\/noscript>\r\n<\/span>\n<p><\/center><\/p>\n<p><center>\n<p><input type=\"submit\" value=\"ENVOYER\" class=\"wpcf7-form-control has-spinner wpcf7-submit\" \/><\/p>\n<p><\/center><\/p>\n<p>Fspharmaexpertise en tant que responsable du site web www.fspharmaexpertise.com vous informe que les donn\u00e9es collect\u00e9es seront utilis\u00e9es pour envoyer des informations de service et de prospection commerciale toujours avec le consentement de l'int\u00e9ress\u00e9. Les donn\u00e9es collect\u00e9es ne seront pas transf\u00e9r\u00e9es \u00e0 moins que la partie int\u00e9ress\u00e9e ait une disposition l\u00e9gale. Une fois les donn\u00e9es envoy\u00e9es, vous avez le droit d'acc\u00e9der, de rectifier et de supprimer les donn\u00e9es, ainsi que d'autres droits qui sont expliqu\u00e9s dans la politique de confidentialit\u00e9. Vous pouvez consulter plus d'informations sur la page de<a href=\"\/condiciones-y-politica-de-privacidad\" target=\"_blank\"> politique de confidentialit\u00e9<\/a>.<\/p>\n<div class=\"fusion-alert alert custom alert-custom fusion-alert-center wpcf7-response-output alert-dismissable\" style=\"border-width:1px;\"><button type=\"button\" class=\"close toggle-alert\" data-dismiss=\"alert\" aria-hidden=\"true\">&times;<\/button><div class=\"fusion-alert-content-wrapper\"><span class=\"fusion-alert-content\"><\/span><\/div><\/div><\/form><\/div>\n<\/div><div class=\"fusion-clearfix\"><\/div><\/div><\/div><div class=\"fusion-layout-column fusion_builder_column fusion-builder-column-3 fusion_builder_column_1_4 1_4 fusion-one-fourth fusion-column-last\" style=\"width:22%;margin-top:0px;margin-bottom:0px;\"><div class=\"fusion-column-wrapper fusion-flex-column-wrapper-legacy\" style=\"background-position:left top;background-repeat:no-repeat;-webkit-background-size:cover;-moz-background-size:cover;-o-background-size:cover;background-size:cover;padding: 0px 0px 0px 0px;\"><div class=\"fusion-sep-clear\"><\/div><div class=\"fusion-separator fusion-full-width-sep\" style=\"margin-left: auto;margin-right: auto;margin-top:1px;width:100%;\"><\/div><div class=\"fusion-sep-clear\"><\/div><div class=\"fusion-clearfix\"><\/div><\/div><\/div><\/div><\/div>\n","protected":false},"excerpt":{"rendered":"","protected":false},"author":1,"featured_media":0,"parent":0,"menu_order":0,"comment_status":"closed","ping_status":"closed","template":"100-width.php","meta":[],"acf":[],"yoast_head":"<!-- This site is optimized with the Yoast SEO plugin v19.10 - https:\/\/yoast.com\/wordpress\/plugins\/seo\/ -->\n<title>CONTACT - FS Pharma Expertise<\/title>\n<meta name=\"robots\" content=\"index, follow, max-snippet:-1, max-image-preview:large, max-video-preview:-1\" \/>\n<link rel=\"canonical\" href=\"https:\/\/www.fspharmaexpertise.com\/fr\/contact\/\" \/>\n<meta property=\"og:locale\" content=\"fr_FR\" \/>\n<meta property=\"og:type\" content=\"article\" \/>\n<meta property=\"og:title\" content=\"CONTACT - FS Pharma Expertise\" \/>\n<meta property=\"og:url\" content=\"https:\/\/www.fspharmaexpertise.com\/fr\/contact\/\" \/>\n<meta property=\"og:site_name\" content=\"FS Pharma Expertise\" \/>\n<meta property=\"article:modified_time\" content=\"2017-11-28T17:29:58+00:00\" \/>\n<meta name=\"twitter:card\" content=\"summary_large_image\" \/>\n<meta name=\"twitter:label1\" content=\"Dur\u00e9e de lecture estim\u00e9e\" \/>\n\t<meta name=\"twitter:data1\" content=\"2 minutes\" \/>\n<script type=\"application\/ld+json\" class=\"yoast-schema-graph\">{\"@context\":\"https:\/\/schema.org\",\"@graph\":[{\"@type\":\"WebPage\",\"@id\":\"https:\/\/www.fspharmaexpertise.com\/fr\/contact\/\",\"url\":\"https:\/\/www.fspharmaexpertise.com\/fr\/contact\/\",\"name\":\"CONTACT - FS Pharma Expertise\",\"isPartOf\":{\"@id\":\"https:\/\/www.fspharmaexpertise.com\/#website\"},\"datePublished\":\"2016-07-14T02:28:51+00:00\",\"dateModified\":\"2017-11-28T17:29:58+00:00\",\"breadcrumb\":{\"@id\":\"https:\/\/www.fspharmaexpertise.com\/fr\/contact\/#breadcrumb\"},\"inLanguage\":\"fr-FR\",\"potentialAction\":[{\"@type\":\"ReadAction\",\"target\":[\"https:\/\/www.fspharmaexpertise.com\/fr\/contact\/\"]}]},{\"@type\":\"BreadcrumbList\",\"@id\":\"https:\/\/www.fspharmaexpertise.com\/fr\/contact\/#breadcrumb\",\"itemListElement\":[{\"@type\":\"ListItem\",\"position\":1,\"name\":\"Portada\",\"item\":\"https:\/\/www.fspharmaexpertise.com\/fr\/\"},{\"@type\":\"ListItem\",\"position\":2,\"name\":\"CONTACT\"}]},{\"@type\":\"WebSite\",\"@id\":\"https:\/\/www.fspharmaexpertise.com\/#website\",\"url\":\"https:\/\/www.fspharmaexpertise.com\/\",\"name\":\"FS Pharma Expertise\",\"description\":\"Auditor\u00edas\",\"publisher\":{\"@id\":\"https:\/\/www.fspharmaexpertise.com\/#organization\"},\"potentialAction\":[{\"@type\":\"SearchAction\",\"target\":{\"@type\":\"EntryPoint\",\"urlTemplate\":\"https:\/\/www.fspharmaexpertise.com\/?s={search_term_string}\"},\"query-input\":\"required name=search_term_string\"}],\"inLanguage\":\"fr-FR\"},{\"@type\":\"Organization\",\"@id\":\"https:\/\/www.fspharmaexpertise.com\/#organization\",\"name\":\"Fspharmaexpertise\",\"url\":\"https:\/\/www.fspharmaexpertise.com\/\",\"logo\":{\"@type\":\"ImageObject\",\"inLanguage\":\"fr-FR\",\"@id\":\"https:\/\/www.fspharmaexpertise.com\/#\/schema\/logo\/image\/\",\"url\":\"https:\/\/www.fspharmaexpertise.com\/wp-content\/uploads\/2017\/11\/logo-10.png\",\"contentUrl\":\"https:\/\/www.fspharmaexpertise.com\/wp-content\/uploads\/2017\/11\/logo-10.png\",\"width\":200,\"height\":70,\"caption\":\"Fspharmaexpertise\"},\"image\":{\"@id\":\"https:\/\/www.fspharmaexpertise.com\/#\/schema\/logo\/image\/\"}}]}<\/script>\n<!-- \/ Yoast SEO plugin. -->","yoast_head_json":{"title":"CONTACT - FS Pharma Expertise","robots":{"index":"index","follow":"follow","max-snippet":"max-snippet:-1","max-image-preview":"max-image-preview:large","max-video-preview":"max-video-preview:-1"},"canonical":"https:\/\/www.fspharmaexpertise.com\/fr\/contact\/","og_locale":"fr_FR","og_type":"article","og_title":"CONTACT - FS Pharma Expertise","og_url":"https:\/\/www.fspharmaexpertise.com\/fr\/contact\/","og_site_name":"FS Pharma Expertise","article_modified_time":"2017-11-28T17:29:58+00:00","twitter_card":"summary_large_image","twitter_misc":{"Dur\u00e9e de lecture estim\u00e9e":"2 minutes"},"schema":{"@context":"https:\/\/schema.org","@graph":[{"@type":"WebPage","@id":"https:\/\/www.fspharmaexpertise.com\/fr\/contact\/","url":"https:\/\/www.fspharmaexpertise.com\/fr\/contact\/","name":"CONTACT - FS Pharma Expertise","isPartOf":{"@id":"https:\/\/www.fspharmaexpertise.com\/#website"},"datePublished":"2016-07-14T02:28:51+00:00","dateModified":"2017-11-28T17:29:58+00:00","breadcrumb":{"@id":"https:\/\/www.fspharmaexpertise.com\/fr\/contact\/#breadcrumb"},"inLanguage":"fr-FR","potentialAction":[{"@type":"ReadAction","target":["https:\/\/www.fspharmaexpertise.com\/fr\/contact\/"]}]},{"@type":"BreadcrumbList","@id":"https:\/\/www.fspharmaexpertise.com\/fr\/contact\/#breadcrumb","itemListElement":[{"@type":"ListItem","position":1,"name":"Portada","item":"https:\/\/www.fspharmaexpertise.com\/fr\/"},{"@type":"ListItem","position":2,"name":"CONTACT"}]},{"@type":"WebSite","@id":"https:\/\/www.fspharmaexpertise.com\/#website","url":"https:\/\/www.fspharmaexpertise.com\/","name":"FS Pharma Expertise","description":"Auditor\u00edas","publisher":{"@id":"https:\/\/www.fspharmaexpertise.com\/#organization"},"potentialAction":[{"@type":"SearchAction","target":{"@type":"EntryPoint","urlTemplate":"https:\/\/www.fspharmaexpertise.com\/?s={search_term_string}"},"query-input":"required name=search_term_string"}],"inLanguage":"fr-FR"},{"@type":"Organization","@id":"https:\/\/www.fspharmaexpertise.com\/#organization","name":"Fspharmaexpertise","url":"https:\/\/www.fspharmaexpertise.com\/","logo":{"@type":"ImageObject","inLanguage":"fr-FR","@id":"https:\/\/www.fspharmaexpertise.com\/#\/schema\/logo\/image\/","url":"https:\/\/www.fspharmaexpertise.com\/wp-content\/uploads\/2017\/11\/logo-10.png","contentUrl":"https:\/\/www.fspharmaexpertise.com\/wp-content\/uploads\/2017\/11\/logo-10.png","width":200,"height":70,"caption":"Fspharmaexpertise"},"image":{"@id":"https:\/\/www.fspharmaexpertise.com\/#\/schema\/logo\/image\/"}}]}},"_links":{"self":[{"href":"https:\/\/www.fspharmaexpertise.com\/fr\/wp-json\/wp\/v2\/pages\/1331"}],"collection":[{"href":"https:\/\/www.fspharmaexpertise.com\/fr\/wp-json\/wp\/v2\/pages"}],"about":[{"href":"https:\/\/www.fspharmaexpertise.com\/fr\/wp-json\/wp\/v2\/types\/page"}],"author":[{"embeddable":true,"href":"https:\/\/www.fspharmaexpertise.com\/fr\/wp-json\/wp\/v2\/users\/1"}],"replies":[{"embeddable":true,"href":"https:\/\/www.fspharmaexpertise.com\/fr\/wp-json\/wp\/v2\/comments?post=1331"}],"version-history":[{"count":0,"href":"https:\/\/www.fspharmaexpertise.com\/fr\/wp-json\/wp\/v2\/pages\/1331\/revisions"}],"wp:attachment":[{"href":"https:\/\/www.fspharmaexpertise.com\/fr\/wp-json\/wp\/v2\/media?parent=1331"}],"curies":[{"name":"wp","href":"https:\/\/api.w.org\/{rel}","templated":true}]}}