{"id":1299,"date":"2016-07-14T02:27:55","date_gmt":"2016-07-14T02:27:55","guid":{"rendered":"https:\/\/www.fspharmaexpertise.com\/conocenos\/"},"modified":"2017-12-20T21:07:21","modified_gmt":"2017-12-20T21:07:21","slug":"connaissez-nous","status":"publish","type":"page","link":"https:\/\/www.fspharmaexpertise.com\/fr\/connaissez-nous\/","title":{"rendered":"CON\u00d3CENOS"},"content":{"rendered":"<p><div class=\"fusion-fullwidth fullwidth-box fusion-builder-row-1 nonhundred-percent-fullwidth non-hundred-percent-height-scrolling fusion-equal-height-columns\" style=\"background-color: rgba(255,255,255,0);background-position: left top;background-repeat: no-repeat;padding-top:50px;padding-right:0px;padding-bottom:50px;padding-left:0px;margin-bottom: 0px;margin-top: 0px;border-width: 0px 0px 0px 0px;border-color:#eae9e9;border-style:solid;\" ><div class=\"fusion-builder-row fusion-row\"><div class=\"fusion-layout-column fusion_builder_column fusion-builder-column-0 fusion_builder_column_2_3 2_3 fusion-two-third fusion-column-first\" style=\"width:65.3333%; margin-right: 4%;margin-top:0px;margin-bottom:0px;\"><div class=\"fusion-column-wrapper fusion-flex-column-wrapper-legacy\" style=\"background-position:left top;background-repeat:no-repeat;-webkit-background-size:cover;-moz-background-size:cover;-o-background-size:cover;background-size:cover;padding: 0px 0px 0px 0px;\"><div class=\"fusion-column-content-centered\"><div class=\"fusion-column-content\"><div class=\"fusion-text fusion-text-1\"><h3>Fadela Saidi<\/h3>\n<\/div><div class=\"fusion-sep-clear\"><\/div><div class=\"fusion-separator fusion-full-width-sep\" style=\"margin-left: auto;margin-right: auto;margin-top:20px;width:100%;\"><\/div><div class=\"fusion-sep-clear\"><\/div><div class=\"fusion-text fusion-text-2\"><p><span class=\"fusion-dropcap dropcap dropcap-boxed\" style=\"border-radius:50%;\">P<\/span>harmacienne DE et sp\u00e9cialiste en industrie pharmaceutique et parapharmaceutique. Experte en qualit\u00e9 et dans l\u00b4accomplissement des exigences r\u00e9glementaires, en particulier des europ\u00e9ennes: ayant exerc\u00e9 durant de nombreuses ann\u00e9es en tant qu\u2019inspectrice de l\u00b4Agence Espagnole des M\u00e9dicaments et des Produits de Sant\u00e9 (AEMPS), experte GMP de la EMA (Agence Europ\u00e9enne des M\u00e9dicaments) et conseill\u00e8re techno-scientifique de la AEMPS, poss\u00e8de aussi une ample exp\u00e9rience au sein de l\u00b4industrie pharmaceutique dans des laboratoires pharmaceutiques.<\/p>\n<p>Ayant particip\u00e9 dans des congr\u00e8s et seminaires de l\u00b4inspection pharmaceutique dans lesquels les tendances et sujets du moment.ont \u00e9t\u00e9 expos\u00e9s et soulev\u00e9s.<\/p>\n<p>Dot\u00e9e de connaissances au niveau de tous les types d\u00b4entreprises appartenant \u00e0 l\u00b4Industrie Pharmaceutique : laboratoires fabricants de medicaments, importateurs, titulaires des autorisations de mise sur le march\u00e9, fabricants de gaz m\u00e9dicaux et fabricants de principes actifs, ainsi que des soci\u00e9t\u00e9s de distribution de m\u00e9dicaments et de ses composants.<\/p>\n<\/div><\/div><\/div><div class=\"fusion-clearfix\"><\/div><\/div><\/div><div class=\"fusion-layout-column fusion_builder_column fusion-builder-column-1 fusion_builder_column_1_3 1_3 fusion-one-third fusion-column-last\" style=\"width:30.6666%;margin-top:0px;margin-bottom:0px;\"><div class=\"fusion-column-wrapper fusion-flex-column-wrapper-legacy\" style=\"background-position:left top;background-repeat:no-repeat;-webkit-background-size:cover;-moz-background-size:cover;-o-background-size:cover;background-size:cover;padding: 0px 0px 0px 0px;\"><div class=\"fusion-column-content-centered\"><div class=\"fusion-column-content\"><div class=\"fusion-sep-clear\"><\/div><div class=\"fusion-separator fusion-full-width-sep\" style=\"margin-left: auto;margin-right: auto;margin-top:70px;width:100%;\"><\/div><div class=\"fusion-sep-clear\"><\/div><span class=\" fusion-imageframe imageframe-none imageframe-1 hover-type-none\" style=\"margin-left:25px;float:right;\"><img decoding=\"async\" width=\"300\" height=\"400\" title=\"4\" src=\"https:\/\/www.fspharmaexpertise.com\/wp-content\/uploads\/2016\/07\/4.jpg\" class=\"img-responsive wp-image-1056\" srcset=\"https:\/\/www.fspharmaexpertise.com\/wp-content\/uploads\/2016\/07\/4-200x267.jpg 200w, https:\/\/www.fspharmaexpertise.com\/wp-content\/uploads\/2016\/07\/4.jpg 300w\" sizes=\"(max-width: 800px) 100vw, 300px\" \/><\/span><\/div><\/div><div class=\"fusion-clearfix\"><\/div><\/div><\/div><\/div><\/div><div class=\"fusion-bg-parallax\" data-bg-align=\"center center\" data-direction=\"left\" data-mute=\"false\" data-opacity=\"100\" data-velocity=\"-0.5\" data-mobile-enabled=\"false\" data-break_parents=\"0\" data-bg-image=\"https:\/\/www.fspharmaexpertise.com\/wp-content\/uploads\/2016\/07\/farma-1.jpg\" data-bg-repeat=\"false\" ><\/div><div class=\"fusion-fullwidth fullwidth-box fusion-builder-row-2 fusion-parallax-left nonhundred-percent-fullwidth non-hundred-percent-height-scrolling fusion-equal-height-columns\" style=\"background-color: rgba(255,255,255,0);background-image: url(&quot;https:\/\/www.fspharmaexpertise.com\/wp-content\/uploads\/2016\/07\/farma-1.jpg&quot;);background-position: center center;background-repeat: no-repeat;padding-top:0px;padding-right:0px;padding-bottom:0px;padding-left:0px;margin-bottom: 0px;margin-top: 0px;border-width: 0px 0px 0px 0px;border-color:#eae9e9;border-style:solid;-webkit-background-size:cover;-moz-background-size:cover;-o-background-size:cover;background-size:cover;\" ><div class=\"fusion-builder-row fusion-row\"><div class=\"fusion-layout-column fusion_builder_column fusion-builder-column-2 fusion_builder_column_1_1 1_1 fusion-one-full fusion-column-first fusion-column-last\" style=\"margin-top:0px;margin-bottom:0px;\"><div class=\"fusion-column-wrapper fusion-flex-column-wrapper-legacy\" style=\"background-position:left top;background-repeat:no-repeat;-webkit-background-size:cover;-moz-background-size:cover;-o-background-size:cover;background-size:cover;padding: 18% 0px 18% 0px;\"><div class=\"fusion-column-content-centered\"><div class=\"fusion-column-content\"><div class=\"fusion-text fusion-text-3\"><h1 style=\"text-align: center;\" data-lineheight=\"60\" data-fontsize=\"84\" data-inline-lineheight=\"true\" data-inline-fontsize=\"true\"><span style=\"color: #ffffff;\">Vous avez besoin d\u2019aide?<\/span><\/h1>\n<\/div><div class=\"fusion-text fusion-text-4\"><p style=\"font-weight: 300; text-align: center; color: #fff; letter-spacing: 2px;\">CONTACTEZ NOUS SANS ENGAGEMENT<\/p>\n<\/div><div class=\"fusion-sep-clear\"><\/div><div class=\"fusion-separator fusion-full-width-sep\" style=\"margin-left: auto;margin-right: auto;margin-top:5px;width:100%;\"><\/div><div class=\"fusion-sep-clear\"><\/div><div class=\"fusion-aligncenter\"><style type=\"text\/css\">.fusion-button.button-1 .fusion-button-text, .fusion-button.button-1 i {color:#1f1f27;}.fusion-button.button-1 .fusion-button-icon-divider{border-color:#1f1f27;}.fusion-button.button-1:hover .fusion-button-text, .fusion-button.button-1:hover i,.fusion-button.button-1:focus .fusion-button-text, .fusion-button.button-1:focus i,.fusion-button.button-1:active .fusion-button-text, .fusion-button.button-1:active{color:#ffffff;}.fusion-button.button-1:hover .fusion-button-icon-divider, .fusion-button.button-1:hover .fusion-button-icon-divider, .fusion-button.button-1:active .fusion-button-icon-divider{border-color:#ffffff;}.fusion-button.button-1:hover, .fusion-button.button-1:focus, .fusion-button.button-1:active{border-color:#ffffff;}.fusion-button.button-1 {border-color:#1f1f27;border-radius:25px;}.fusion-button.button-1{background: #ffffff;}.fusion-button.button-1:hover,.button-1:focus,.fusion-button.button-1:active{background: #7dc40b;}<\/style><a class=\"fusion-button button-flat fusion-button-default-size button-custom button-1 fusion-button-default-span fusion-button-default-type\" target=\"_self\" href=\"https:\/\/www.fspharmaexpertise.com\/fr\/contact\/\"><i class=\" fa fa-play button-icon-left\" aria-hidden=\"true\"><\/i><span class=\"fusion-button-text\">Contactez-nous<\/span><\/a><\/div><\/div><\/div><div class=\"fusion-clearfix\"><\/div><\/div><\/div><\/div><\/div><\/p>\n","protected":false},"excerpt":{"rendered":"","protected":false},"author":1,"featured_media":0,"parent":0,"menu_order":0,"comment_status":"closed","ping_status":"closed","template":"100-width.php","meta":[],"acf":[],"yoast_head":"<!-- This site is optimized with the Yoast SEO plugin v19.10 - https:\/\/yoast.com\/wordpress\/plugins\/seo\/ -->\n<title>CON\u00d3CENOS - FS Pharma Expertise<\/title>\n<meta name=\"robots\" content=\"index, follow, max-snippet:-1, max-image-preview:large, max-video-preview:-1\" \/>\n<link rel=\"canonical\" href=\"https:\/\/www.fspharmaexpertise.com\/fr\/connaissez-nous\/\" \/>\n<meta property=\"og:locale\" content=\"fr_FR\" \/>\n<meta property=\"og:type\" content=\"article\" \/>\n<meta property=\"og:title\" content=\"CON\u00d3CENOS - FS Pharma Expertise\" \/>\n<meta property=\"og:url\" content=\"https:\/\/www.fspharmaexpertise.com\/fr\/connaissez-nous\/\" \/>\n<meta property=\"og:site_name\" content=\"FS Pharma Expertise\" \/>\n<meta property=\"article:modified_time\" content=\"2017-12-20T21:07:21+00:00\" \/>\n<meta name=\"twitter:card\" content=\"summary_large_image\" \/>\n<meta name=\"twitter:label1\" content=\"Dur\u00e9e de lecture estim\u00e9e\" \/>\n\t<meta name=\"twitter:data1\" content=\"4 minutes\" \/>\n<script type=\"application\/ld+json\" class=\"yoast-schema-graph\">{\"@context\":\"https:\/\/schema.org\",\"@graph\":[{\"@type\":\"WebPage\",\"@id\":\"https:\/\/www.fspharmaexpertise.com\/fr\/connaissez-nous\/\",\"url\":\"https:\/\/www.fspharmaexpertise.com\/fr\/connaissez-nous\/\",\"name\":\"CON\u00d3CENOS - FS Pharma Expertise\",\"isPartOf\":{\"@id\":\"https:\/\/www.fspharmaexpertise.com\/#website\"},\"datePublished\":\"2016-07-14T02:27:55+00:00\",\"dateModified\":\"2017-12-20T21:07:21+00:00\",\"breadcrumb\":{\"@id\":\"https:\/\/www.fspharmaexpertise.com\/fr\/connaissez-nous\/#breadcrumb\"},\"inLanguage\":\"fr-FR\",\"potentialAction\":[{\"@type\":\"ReadAction\",\"target\":[\"https:\/\/www.fspharmaexpertise.com\/fr\/connaissez-nous\/\"]}]},{\"@type\":\"BreadcrumbList\",\"@id\":\"https:\/\/www.fspharmaexpertise.com\/fr\/connaissez-nous\/#breadcrumb\",\"itemListElement\":[{\"@type\":\"ListItem\",\"position\":1,\"name\":\"Portada\",\"item\":\"https:\/\/www.fspharmaexpertise.com\/fr\/\"},{\"@type\":\"ListItem\",\"position\":2,\"name\":\"CON\u00d3CENOS\"}]},{\"@type\":\"WebSite\",\"@id\":\"https:\/\/www.fspharmaexpertise.com\/#website\",\"url\":\"https:\/\/www.fspharmaexpertise.com\/\",\"name\":\"FS Pharma Expertise\",\"description\":\"Auditor\u00edas\",\"publisher\":{\"@id\":\"https:\/\/www.fspharmaexpertise.com\/#organization\"},\"potentialAction\":[{\"@type\":\"SearchAction\",\"target\":{\"@type\":\"EntryPoint\",\"urlTemplate\":\"https:\/\/www.fspharmaexpertise.com\/?s={search_term_string}\"},\"query-input\":\"required name=search_term_string\"}],\"inLanguage\":\"fr-FR\"},{\"@type\":\"Organization\",\"@id\":\"https:\/\/www.fspharmaexpertise.com\/#organization\",\"name\":\"Fspharmaexpertise\",\"url\":\"https:\/\/www.fspharmaexpertise.com\/\",\"logo\":{\"@type\":\"ImageObject\",\"inLanguage\":\"fr-FR\",\"@id\":\"https:\/\/www.fspharmaexpertise.com\/#\/schema\/logo\/image\/\",\"url\":\"https:\/\/www.fspharmaexpertise.com\/wp-content\/uploads\/2017\/11\/logo-10.png\",\"contentUrl\":\"https:\/\/www.fspharmaexpertise.com\/wp-content\/uploads\/2017\/11\/logo-10.png\",\"width\":200,\"height\":70,\"caption\":\"Fspharmaexpertise\"},\"image\":{\"@id\":\"https:\/\/www.fspharmaexpertise.com\/#\/schema\/logo\/image\/\"}}]}<\/script>\n<!-- \/ Yoast SEO plugin. -->","yoast_head_json":{"title":"CON\u00d3CENOS - FS Pharma Expertise","robots":{"index":"index","follow":"follow","max-snippet":"max-snippet:-1","max-image-preview":"max-image-preview:large","max-video-preview":"max-video-preview:-1"},"canonical":"https:\/\/www.fspharmaexpertise.com\/fr\/connaissez-nous\/","og_locale":"fr_FR","og_type":"article","og_title":"CON\u00d3CENOS - FS Pharma Expertise","og_url":"https:\/\/www.fspharmaexpertise.com\/fr\/connaissez-nous\/","og_site_name":"FS Pharma Expertise","article_modified_time":"2017-12-20T21:07:21+00:00","twitter_card":"summary_large_image","twitter_misc":{"Dur\u00e9e de lecture estim\u00e9e":"4 minutes"},"schema":{"@context":"https:\/\/schema.org","@graph":[{"@type":"WebPage","@id":"https:\/\/www.fspharmaexpertise.com\/fr\/connaissez-nous\/","url":"https:\/\/www.fspharmaexpertise.com\/fr\/connaissez-nous\/","name":"CON\u00d3CENOS - FS Pharma Expertise","isPartOf":{"@id":"https:\/\/www.fspharmaexpertise.com\/#website"},"datePublished":"2016-07-14T02:27:55+00:00","dateModified":"2017-12-20T21:07:21+00:00","breadcrumb":{"@id":"https:\/\/www.fspharmaexpertise.com\/fr\/connaissez-nous\/#breadcrumb"},"inLanguage":"fr-FR","potentialAction":[{"@type":"ReadAction","target":["https:\/\/www.fspharmaexpertise.com\/fr\/connaissez-nous\/"]}]},{"@type":"BreadcrumbList","@id":"https:\/\/www.fspharmaexpertise.com\/fr\/connaissez-nous\/#breadcrumb","itemListElement":[{"@type":"ListItem","position":1,"name":"Portada","item":"https:\/\/www.fspharmaexpertise.com\/fr\/"},{"@type":"ListItem","position":2,"name":"CON\u00d3CENOS"}]},{"@type":"WebSite","@id":"https:\/\/www.fspharmaexpertise.com\/#website","url":"https:\/\/www.fspharmaexpertise.com\/","name":"FS Pharma Expertise","description":"Auditor\u00edas","publisher":{"@id":"https:\/\/www.fspharmaexpertise.com\/#organization"},"potentialAction":[{"@type":"SearchAction","target":{"@type":"EntryPoint","urlTemplate":"https:\/\/www.fspharmaexpertise.com\/?s={search_term_string}"},"query-input":"required name=search_term_string"}],"inLanguage":"fr-FR"},{"@type":"Organization","@id":"https:\/\/www.fspharmaexpertise.com\/#organization","name":"Fspharmaexpertise","url":"https:\/\/www.fspharmaexpertise.com\/","logo":{"@type":"ImageObject","inLanguage":"fr-FR","@id":"https:\/\/www.fspharmaexpertise.com\/#\/schema\/logo\/image\/","url":"https:\/\/www.fspharmaexpertise.com\/wp-content\/uploads\/2017\/11\/logo-10.png","contentUrl":"https:\/\/www.fspharmaexpertise.com\/wp-content\/uploads\/2017\/11\/logo-10.png","width":200,"height":70,"caption":"Fspharmaexpertise"},"image":{"@id":"https:\/\/www.fspharmaexpertise.com\/#\/schema\/logo\/image\/"}}]}},"_links":{"self":[{"href":"https:\/\/www.fspharmaexpertise.com\/fr\/wp-json\/wp\/v2\/pages\/1299"}],"collection":[{"href":"https:\/\/www.fspharmaexpertise.com\/fr\/wp-json\/wp\/v2\/pages"}],"about":[{"href":"https:\/\/www.fspharmaexpertise.com\/fr\/wp-json\/wp\/v2\/types\/page"}],"author":[{"embeddable":true,"href":"https:\/\/www.fspharmaexpertise.com\/fr\/wp-json\/wp\/v2\/users\/1"}],"replies":[{"embeddable":true,"href":"https:\/\/www.fspharmaexpertise.com\/fr\/wp-json\/wp\/v2\/comments?post=1299"}],"version-history":[{"count":0,"href":"https:\/\/www.fspharmaexpertise.com\/fr\/wp-json\/wp\/v2\/pages\/1299\/revisions"}],"wp:attachment":[{"href":"https:\/\/www.fspharmaexpertise.com\/fr\/wp-json\/wp\/v2\/media?parent=1299"}],"curies":[{"name":"wp","href":"https:\/\/api.w.org\/{rel}","templated":true}]}}